{"id":9,"date":"2026-02-03T13:48:52","date_gmt":"2026-02-03T16:48:52","guid":{"rendered":"https:\/\/cardmonitor.com.br\/relatorio-anual\/edicao-2026\/?page_id=9"},"modified":"2026-02-27T08:13:47","modified_gmt":"2026-02-27T11:13:47","slug":"sobre-este-relatorio","status":"publish","type":"page","link":"https:\/\/cardmonitor.com.br\/relatorio-anual\/edicao-2026\/sobre-este-relatorio\/","title":{"rendered":"Sobre este Relat\u00f3rio"},"content":{"rendered":"<p>Entrego a voc\u00ea mais uma edi\u00e7\u00e3o de nosso Relat\u00f3rio Anual de Meios Eletr\u00f4nicos de Pagamento, que contou com mais de <strong>50 depoimentos<\/strong> in\u00e9ditos de executivos e executivas que atuam ou se relacionam com o setor.<\/p>\n<p>Esta \u00e9 a \u00fanica publica\u00e7\u00e3o do mercado que oferece essa pluralidade de vis\u00f5es, expostas na \u00edntegra, permitindo aos respondentes compartilhar com nossos leitores as suas opini\u00f5es sobre temas relevantes \u00e0 ind\u00fastria. Trata-se de um grande presente aos nossos clientes do FLASH CARDMONITOR, boletim que se consagrou como principal fonte de informa\u00e7\u00f5es para mais de 4.000 profissionais do mercado. \u00c9 com muito orgulho que alcan\u00e7amos esta posi\u00e7\u00e3o de destaque \u00e0 frente de publica\u00e7\u00f5es t\u00e3o tradicionais.<\/p>\n<p><img loading=\"lazy\" decoding=\"async\" class=\"aligncenter wp-image-160 size-full\" src=\"https:\/\/cardmonitor.com.br\/relatorio-anual\/edicao-2026\/wp-content\/uploads\/2026\/02\/image1.jpg\" alt=\"\" width=\"800\" height=\"452\" srcset=\"https:\/\/cardmonitor.com.br\/relatorio-anual\/edicao-2026\/wp-content\/uploads\/2026\/02\/image1.jpg 800w, https:\/\/cardmonitor.com.br\/relatorio-anual\/edicao-2026\/wp-content\/uploads\/2026\/02\/image1-300x170.jpg 300w, https:\/\/cardmonitor.com.br\/relatorio-anual\/edicao-2026\/wp-content\/uploads\/2026\/02\/image1-768x434.jpg 768w\" sizes=\"auto, (max-width: 800px) 100vw, 800px\" \/><\/p>\n<p>Todos os anos, este Relat\u00f3rio \u00e9 lan\u00e7ado em nosso F\u00f3rum de Intelig\u00eancia de Mercado, que re\u00fane respeitados profissionais do setor para debaterem os temas mais relevantes do momento e tra\u00e7ar tend\u00eancias para 2026. \u00c9 uma grande oportunidade para relacionamento, ampliar conhecimento e quem sabe, fechar neg\u00f3cios. Procuramos fazer uma programa\u00e7\u00e3o atrativa e din\u00e2mica com 04 pain\u00e9is que propiciam discuss\u00f5es no palco e forte intera\u00e7\u00e3o com a plateia.<\/p>\n<p>As opini\u00f5es aqui expressas foram coletadas durante o m\u00eas de janeiro de 2026. Muito obrigado aos profissionais que dedicaram seu precioso tempo a nos ajudar a construir esse material rico em informa\u00e7\u00f5es e an\u00e1lises. Agrade\u00e7o tamb\u00e9m a nossa jornalista e editora Camila Kniss, respons\u00e1vel direta por todo esse trabalho.<\/p>\n<p>Esta edi\u00e7\u00e3o do Relat\u00f3rio, no formato atual de capa dura em formato de livro, chega neste ano de 2026, a sua 11\u00aa edi\u00e7\u00e3o. Quem guardou todas tem um completo registro hist\u00f3rico da \u00faltima d\u00e9cada.<\/p>\n<h2>CARDMONITOR \u2013 18 ANOS<\/h2>\n<p>Uma data importante a ser celebrada. Em mar\u00e7o de 2026 completamos 18 anos de atua\u00e7\u00e3o no mercado. Acompanhamos e registramos as principais transforma\u00e7\u00f5es ocorridas &#8211; e n\u00e3o foram poucas- nas \u00faltimas duas d\u00e9cadas.<\/p>\n<p>Grande parte dos profissionais que come\u00e7aram a atuar neste mercado a partir de 2008 nos perguntam como era a vida antes da nossa exist\u00eancia. Essa pergunta nos enche de orgulho, pois conseguimos estruturar uma empresa extremamente bem-sucedida a partir de uma proposta inovadora de fornecer, de maneira ordenada e regular, informa\u00e7\u00f5es e an\u00e1lises para profissionais tomarem melhores decis\u00f5es.<\/p>\n<p>Estruturamos nossa coleta de informa\u00e7\u00f5es em publica\u00e7\u00f5es, balan\u00e7os, sites, apps, RIs, Banco Central, entrevistas com executivos(as), al\u00e9m do nosso important\u00edssimo trabalho de cliente oculto. Atualmente, monitoramos mais de 100 cart\u00f5es de cr\u00e9dito (PF e PJ) como consumidor misterioso, podendo compartilhar com nossos clientes informa\u00e7\u00f5es de comunica\u00e7\u00e3o, ativa\u00e7\u00e3o, reten\u00e7\u00e3o, pricing e customer experience que somente os cardholders t\u00eam acesso.<\/p>\n<p>Praticamente conseguimos a unanimidade em rela\u00e7\u00e3o a nossa proposta de valor. Prestamos servi\u00e7os para mais de 110 empresas e temos mais de 4.000 leitores regulares. Temos clientes fi\u00e9is que entraram nos primeiros anos de nossa funda\u00e7\u00e3o e nos acompanham at\u00e9 os dias de hoje.<\/p>\n<p><img loading=\"lazy\" decoding=\"async\" class=\"aligncenter wp-image-161 size-full\" src=\"https:\/\/cardmonitor.com.br\/relatorio-anual\/edicao-2026\/wp-content\/uploads\/2026\/02\/image2.jpg\" alt=\"\" width=\"800\" height=\"486\" srcset=\"https:\/\/cardmonitor.com.br\/relatorio-anual\/edicao-2026\/wp-content\/uploads\/2026\/02\/image2.jpg 800w, https:\/\/cardmonitor.com.br\/relatorio-anual\/edicao-2026\/wp-content\/uploads\/2026\/02\/image2-300x182.jpg 300w, https:\/\/cardmonitor.com.br\/relatorio-anual\/edicao-2026\/wp-content\/uploads\/2026\/02\/image2-768x467.jpg 768w\" sizes=\"auto, (max-width: 800px) 100vw, 800px\" \/><\/p>\n<h2>Produtos e Servi\u00e7os Oferecidos pela CardMonitor<\/h2>\n<p>Distribu\u00edmos nosso conhecimento e nossas an\u00e1lises por meio de diversos produtos e servi\u00e7os, permitindo aos clientes a contrata\u00e7\u00e3o, de maneira modular, daquilo que faz sentido para seu business.<\/p>\n<p>A seguir damos uma pequena degusta\u00e7\u00e3o daquilo que pode ser obtido de cada um deles. <strong>Leia com aten\u00e7\u00e3o pois preparamos um b\u00f4nus especial para a primeira ades\u00e3o em cada um deles. Vale para um cliente novo e tamb\u00e9m para uma empresa que j\u00e1 seja cliente da CardMonitor, caso contrate um novo produto que ainda n\u00e3o fa\u00e7a parte do contrato atual. Oferta v\u00e1lida at\u00e9 30\/06\/2026.<\/strong><\/p>\n<p>&nbsp;<\/p>\n<h3>1 &#8211; Servi\u00e7o de Monitora\u00e7\u00e3o do Mercado de Meios Eletr\u00f4nicos de Pagamento<\/h3>\n<p>Esse \u00e9 o primeiro servi\u00e7o lan\u00e7ado pela CardMonitor em mar\u00e7o de 2008. Continua sendo nosso best-seller at\u00e9 hoje. \u00c9 um servi\u00e7o que lhe mant\u00e9m informado dos principais acontecimentos do setor por meio de not\u00edcias, an\u00e1lises pr\u00f3prias, dados capturados via clientes ocultos e entrevistas exclusivas com respeitados executivos(as). Possui entregas semanais (Boletim Flash CardMonitor), mensais (Relat\u00f3rio Consolidado), trimestrais (Market Share na vis\u00e3o de Emissores, Credenciadoras e Bandeiras) e anual (este Relat\u00f3rio que voc\u00ea tem em m\u00e3os neste momento). <strong>B\u00f4nus para novas ades\u00f5es: R$ 5.000,00 na assinatura por 12 meses ou mesmo para veicular um an\u00fancio de sua empresa em nossas publica\u00e7\u00f5es.<\/strong><\/p>\n<p><img loading=\"lazy\" decoding=\"async\" class=\"alignnone size-full wp-image-162\" src=\"https:\/\/cardmonitor.com.br\/relatorio-anual\/edicao-2026\/wp-content\/uploads\/2026\/02\/image3.jpg\" alt=\"\" width=\"800\" height=\"1002\" srcset=\"https:\/\/cardmonitor.com.br\/relatorio-anual\/edicao-2026\/wp-content\/uploads\/2026\/02\/image3.jpg 800w, https:\/\/cardmonitor.com.br\/relatorio-anual\/edicao-2026\/wp-content\/uploads\/2026\/02\/image3-240x300.jpg 240w, https:\/\/cardmonitor.com.br\/relatorio-anual\/edicao-2026\/wp-content\/uploads\/2026\/02\/image3-768x962.jpg 768w\" sizes=\"auto, (max-width: 800px) 100vw, 800px\" \/><\/p>\n<p>&nbsp;<\/p>\n<h2>2 &#8211; CardClipping<\/h2>\n<p>Este \u00e9 certamente o clipping di\u00e1rio de not\u00edcias mais lido e \u201cadorado\u201d pelos profissionais que atuam ou se relacionam com o mercado de meios eletr\u00f4nicos de pagamento. Diferenciais: 1) Al\u00e9m das not\u00edcias coletadas nos diversos ve\u00edculos do mercado, recebe not\u00edcias pr\u00f3prias enviadas pelas assessorias das diversas empresas com atua\u00e7\u00e3o no setor; 2) \u00c9 100% direcionado para informar e economizar o tempo do leitor \u2013 desta forma n\u00e3o repetimos not\u00edcias iguais que sa\u00edram em diversos ve\u00edculos \u2013 escolhemos a melhor e mais completa para divulgar; 3) Contempla tamb\u00e9m algumas not\u00edcias internacionais de grande relev\u00e2ncia, traduzidas para o idioma portugu\u00eas; 4) Feito por profissionais de muitos anos de atua\u00e7\u00e3o no mercado que come\u00e7am a prepar\u00e1-lo desde \u00e0s 20h do dia anterior para que voc\u00ea tenha o melhor conte\u00fado at\u00e9 \u00e0s 8h30 da manh\u00e3 seguinte em sua caixa de e-mail. <strong>B\u00f4nus para novas ades\u00f5es: R$ 3.000,00 na assinatura por 12 meses. V\u00e1lido tamb\u00e9m na contrata\u00e7\u00e3o de um banner lateral por 12 meses.<\/strong><\/p>\n<p><img loading=\"lazy\" decoding=\"async\" class=\"aligncenter size-full wp-image-163\" src=\"https:\/\/cardmonitor.com.br\/relatorio-anual\/edicao-2026\/wp-content\/uploads\/2026\/02\/image4.jpg\" alt=\"\" width=\"603\" height=\"872\" srcset=\"https:\/\/cardmonitor.com.br\/relatorio-anual\/edicao-2026\/wp-content\/uploads\/2026\/02\/image4.jpg 603w, https:\/\/cardmonitor.com.br\/relatorio-anual\/edicao-2026\/wp-content\/uploads\/2026\/02\/image4-207x300.jpg 207w\" sizes=\"auto, (max-width: 603px) 100vw, 603px\" \/><\/p>\n<p>&nbsp;<\/p>\n<h2>3 &#8211; Pricing dos Cart\u00f5es de Cr\u00e9dito \u2013 PF<\/h2>\n<p>Com base na an\u00e1lise das faturas de nossos clientes ocultos, produzimos relat\u00f3rios com gr\u00e1ficos e tabelas comparando os pre\u00e7os praticados pelos diversos cart\u00f5es de cr\u00e9dito do mercado: taxa de juros do rotativo, ofertas de parcelamento de fatura, taxa de juros para saque, taxa do parcelado emissor, anuidade, tarifa de saque nacional e internacional, 2\u00aa via de cart\u00e3o, pagamento de contas, avalia\u00e7\u00e3o emergencial de cr\u00e9dito, seguro perda e roubo, taxa do d\u00f3lar de cada emissor. Todas as informa\u00e7\u00f5es s\u00e3o abertas individualmente para cada cart\u00e3o permitindo a imediata compara\u00e7\u00e3o entre eles. <strong>B\u00f4nus para novas ades\u00f5es: R$ 5.000,00 na assinatura por 12 meses.<\/strong><\/p>\n<p><img loading=\"lazy\" decoding=\"async\" class=\"aligncenter size-full wp-image-164\" src=\"https:\/\/cardmonitor.com.br\/relatorio-anual\/edicao-2026\/wp-content\/uploads\/2026\/02\/image5.jpg\" alt=\"\" width=\"800\" height=\"417\" srcset=\"https:\/\/cardmonitor.com.br\/relatorio-anual\/edicao-2026\/wp-content\/uploads\/2026\/02\/image5.jpg 800w, https:\/\/cardmonitor.com.br\/relatorio-anual\/edicao-2026\/wp-content\/uploads\/2026\/02\/image5-300x156.jpg 300w, https:\/\/cardmonitor.com.br\/relatorio-anual\/edicao-2026\/wp-content\/uploads\/2026\/02\/image5-768x400.jpg 768w\" sizes=\"auto, (max-width: 800px) 100vw, 800px\" \/><\/p>\n<p>&nbsp;<\/p>\n<h2>4 &#8211; Pricing dos Cart\u00f5es de Cr\u00e9dito de Alta Renda \u2013 PF<\/h2>\n<p>Com os cart\u00f5es de alta renda entrando cada vez mais no radar dos emissores, investimos na cria\u00e7\u00e3o de um servi\u00e7o espec\u00edfico para monitorar os cart\u00f5es das variantes Black, Infinite, Nanquim e The Platinum American Express. As vari\u00e1veis monitoradas s\u00e3o as mesmas do servi\u00e7o de Pricing descritas no item anterior. <strong>B\u00f4nus para novas ades\u00f5es: R$ 2.000,00 na assinatura por 12 meses.<\/strong><\/p>\n<p><img loading=\"lazy\" decoding=\"async\" class=\"aligncenter size-full wp-image-165\" src=\"https:\/\/cardmonitor.com.br\/relatorio-anual\/edicao-2026\/wp-content\/uploads\/2026\/02\/image6.jpg\" alt=\"\" width=\"800\" height=\"802\" srcset=\"https:\/\/cardmonitor.com.br\/relatorio-anual\/edicao-2026\/wp-content\/uploads\/2026\/02\/image6.jpg 800w, https:\/\/cardmonitor.com.br\/relatorio-anual\/edicao-2026\/wp-content\/uploads\/2026\/02\/image6-300x300.jpg 300w, https:\/\/cardmonitor.com.br\/relatorio-anual\/edicao-2026\/wp-content\/uploads\/2026\/02\/image6-150x150.jpg 150w, https:\/\/cardmonitor.com.br\/relatorio-anual\/edicao-2026\/wp-content\/uploads\/2026\/02\/image6-768x770.jpg 768w\" sizes=\"auto, (max-width: 800px) 100vw, 800px\" \/><\/p>\n<p>&nbsp;<\/p>\n<h2>5 &#8211; CardIndex<\/h2>\n<p>O CardIndex \u00e9 o maior mapeamento comparativo de features dos cart\u00f5es de cr\u00e9dito j\u00e1 realizado no Brasil. Na \u00faltima edi\u00e7\u00e3o, foram analisados e comparados 442 cart\u00f5es de cr\u00e9dito voltados ao segmento de pessoa f\u00edsica. Al\u00e9m dos cart\u00f5es, compara e analisa em profundidade os programas de fidelidade (pr\u00f3prios dos cart\u00f5es ou das empresas parceiras de multifidelidade), os servi\u00e7os oferecidos pelas bandeiras, os aplicativos dos cart\u00f5es de cr\u00e9dito, os seguros vendidos com d\u00e9bito em fatura, as ofertas de tags etc. Um super benchmarking de produtos \u2013 100% pr\u00e1tico e objetivo. <strong>B\u00f4nus para novas ades\u00f5es: R$ 3.000,00 na assinatura por 12 meses.<\/strong><\/p>\n<p><img loading=\"lazy\" decoding=\"async\" class=\"aligncenter size-full wp-image-166\" src=\"https:\/\/cardmonitor.com.br\/relatorio-anual\/edicao-2026\/wp-content\/uploads\/2026\/02\/image7.jpg\" alt=\"\" width=\"800\" height=\"796\" srcset=\"https:\/\/cardmonitor.com.br\/relatorio-anual\/edicao-2026\/wp-content\/uploads\/2026\/02\/image7.jpg 800w, https:\/\/cardmonitor.com.br\/relatorio-anual\/edicao-2026\/wp-content\/uploads\/2026\/02\/image7-300x300.jpg 300w, https:\/\/cardmonitor.com.br\/relatorio-anual\/edicao-2026\/wp-content\/uploads\/2026\/02\/image7-150x150.jpg 150w, https:\/\/cardmonitor.com.br\/relatorio-anual\/edicao-2026\/wp-content\/uploads\/2026\/02\/image7-768x764.jpg 768w\" sizes=\"auto, (max-width: 800px) 100vw, 800px\" \/><\/p>\n<p>&nbsp;<\/p>\n<h2>6 &#8211; PNCC \u2013 Pesquisa Nacional de Cart\u00f5es de Cr\u00e9dito<\/h2>\n<p>Trata-se do maior projeto de avalia\u00e7\u00e3o de satisfa\u00e7\u00e3o de cardholders conduzido no Brasil. Consolidou-se como o dado oficial do NPS dos principais cart\u00f5es de cr\u00e9dito emitidos no pa\u00eds. Uma pesquisa 100% isenta e independente, conduzida com recursos pr\u00f3prios pelo Instituto Medida Certa em parceria com a CardMonitor, que j\u00e1 est\u00e1 em sua 18\u00aa edi\u00e7\u00e3o. Em 2025, foram entrevistados 12.600 cardholders em conversas telef\u00f4nicas com dura\u00e7\u00e3o aproximada de 10 minutos. Ningu\u00e9m no Brasil conduz um projeto de porte semelhante a este. Principais atributos avaliados: satisfa\u00e7\u00e3o com app, limite de cr\u00e9dito, call center, programa de fidelidade, anuidade, market place, aceita\u00e7\u00e3o, NPS geral de cada cart\u00e3o, NPS do banco emissor, NPS dos programas de multifidelidade. A PNCC (opini\u00e3o do cliente) \u00e9 um projeto complementar ao CardIndex (avalia\u00e7\u00e3o t\u00e9cnica dos cart\u00f5es). <strong>B\u00f4nus para novas ades\u00f5es: R$ 10.000,00 para a edi\u00e7\u00e3o PNCC 2026.<\/strong><\/p>\n<p><img loading=\"lazy\" decoding=\"async\" class=\"aligncenter size-full wp-image-167\" src=\"https:\/\/cardmonitor.com.br\/relatorio-anual\/edicao-2026\/wp-content\/uploads\/2026\/02\/image8.jpg\" alt=\"\" width=\"800\" height=\"990\" srcset=\"https:\/\/cardmonitor.com.br\/relatorio-anual\/edicao-2026\/wp-content\/uploads\/2026\/02\/image8.jpg 800w, https:\/\/cardmonitor.com.br\/relatorio-anual\/edicao-2026\/wp-content\/uploads\/2026\/02\/image8-242x300.jpg 242w, https:\/\/cardmonitor.com.br\/relatorio-anual\/edicao-2026\/wp-content\/uploads\/2026\/02\/image8-768x950.jpg 768w\" sizes=\"auto, (max-width: 800px) 100vw, 800px\" \/><\/p>\n<p>&nbsp;<\/p>\n<h2>7 &#8211; Monitora\u00e7\u00e3o de Cart\u00f5es de Cr\u00e9dito PJ<\/h2>\n<p>Os cart\u00f5es de cr\u00e9dito PJ ainda s\u00e3o incipientes em termos de benef\u00edcios quando comparados \u00e0s melhores vers\u00f5es de cart\u00f5es oferecidas no segmento alta renda da PF ou mesmo quando comparados aos cart\u00f5es PJ oferecidos no exterior. A CardMonitor acompanha no Brasil os principais cart\u00f5es de cr\u00e9dito PJ \u2013 produtos oferecidos, pricing, ofertas financeiras, not\u00edcias, comunica\u00e7\u00e3o, indicadores do Banco Central etc. Utilizamos nossa pr\u00f3pria empresa como cliente oculta dos principais cart\u00f5es PJ voltados para o segmento PME. A assinatura deste servi\u00e7o possibilita uma avalia\u00e7\u00e3o comparativa dos principais cart\u00f5es monitorados. <strong>B\u00f4nus para novas ades\u00f5es: R$ 5.000,00 na assinatura por 12 meses.<\/strong><\/p>\n<p><img loading=\"lazy\" decoding=\"async\" class=\"aligncenter size-full wp-image-168\" src=\"https:\/\/cardmonitor.com.br\/relatorio-anual\/edicao-2026\/wp-content\/uploads\/2026\/02\/image9.jpg\" alt=\"\" width=\"800\" height=\"934\" srcset=\"https:\/\/cardmonitor.com.br\/relatorio-anual\/edicao-2026\/wp-content\/uploads\/2026\/02\/image9.jpg 800w, https:\/\/cardmonitor.com.br\/relatorio-anual\/edicao-2026\/wp-content\/uploads\/2026\/02\/image9-257x300.jpg 257w, https:\/\/cardmonitor.com.br\/relatorio-anual\/edicao-2026\/wp-content\/uploads\/2026\/02\/image9-768x897.jpg 768w\" sizes=\"auto, (max-width: 800px) 100vw, 800px\" \/><\/p>\n<p>&nbsp;<\/p>\n<h2>8 &#8211; Monitora\u00e7\u00e3o de Contas e Carteiras Digitais &#8211; CCD<\/h2>\n<p>Este \u00e9 um servi\u00e7o que criamos para ir al\u00e9m da monitora\u00e7\u00e3o dos cart\u00f5es de cr\u00e9dito e avaliar comparativamente a conta digital como um todo. Para fazer parte da amostra das contas monitoradas \u00e9 necess\u00e1rio ser poss\u00edvel abri-las de maneira 100% digital \u2013 sem sair de casa. Avaliamos o onboarding, produtos, pre\u00e7os, a\u00e7\u00f5es de comunica\u00e7\u00e3o dirigida, a\u00e7\u00f5es de ativa\u00e7\u00e3o e reten\u00e7\u00e3o. Grande parte das informa\u00e7\u00f5es compartilhadas com os assinantes deste servi\u00e7o s\u00e3o obtidas a partir de nossos clientes ocultos que se tornaram clientes das Institui\u00e7\u00f5es financeiras. Desenvolvemos um portal espec\u00edfico para organizar todas informa\u00e7\u00f5es e an\u00e1lises. <strong>B\u00f4nus para novas ades\u00f5es: R$ 5.000,00 na assinatura por 12 meses.<\/strong><\/p>\n<p><img loading=\"lazy\" decoding=\"async\" class=\"aligncenter size-full wp-image-169\" src=\"https:\/\/cardmonitor.com.br\/relatorio-anual\/edicao-2026\/wp-content\/uploads\/2026\/02\/image10.jpg\" alt=\"\" width=\"600\" height=\"1170\" srcset=\"https:\/\/cardmonitor.com.br\/relatorio-anual\/edicao-2026\/wp-content\/uploads\/2026\/02\/image10.jpg 600w, https:\/\/cardmonitor.com.br\/relatorio-anual\/edicao-2026\/wp-content\/uploads\/2026\/02\/image10-154x300.jpg 154w, https:\/\/cardmonitor.com.br\/relatorio-anual\/edicao-2026\/wp-content\/uploads\/2026\/02\/image10-525x1024.jpg 525w\" sizes=\"auto, (max-width: 600px) 100vw, 600px\" \/><\/p>\n<p>&nbsp;<\/p>\n<h2>9 &#8211; Monitora\u00e7\u00e3o das Credenciadoras<\/h2>\n<p>Este servi\u00e7o monitora as taxas de MDR, aluguel de maquininhas, pre\u00e7o de venda das maquininhas das diversas credenciadoras, no que se refere \u00e0s suas ofertas para micro e pequenos estabelecimentos. Acompanha a\u00e7\u00f5es de altera\u00e7\u00f5es de produtos e comunica\u00e7\u00f5es por parte de 20 credenciadoras do mercado. Todas as informa\u00e7\u00f5es s\u00e3o colocadas em um portal espec\u00edfico, pelo qual \u00e9 poss\u00edvel acompanhar modifica\u00e7\u00f5es di\u00e1rias de produtos oferecidos, taxas praticadas, promo\u00e7\u00f5es, comunica\u00e7\u00f5es. Uma das funcionalidades \u00e9 permitir aos assinantes do servi\u00e7o comparar os CETs das diversas credenciadoras para determinados cen\u00e1rios padronizados, como podemos observar na tabela abaixo. <strong>B\u00f4nus para novas ades\u00f5es: R$ 3.000 na assinatura por 12 meses.<\/strong><\/p>\n<p><img loading=\"lazy\" decoding=\"async\" class=\"aligncenter size-full wp-image-170\" src=\"https:\/\/cardmonitor.com.br\/relatorio-anual\/edicao-2026\/wp-content\/uploads\/2026\/02\/image11.jpg\" alt=\"\" width=\"800\" height=\"634\" srcset=\"https:\/\/cardmonitor.com.br\/relatorio-anual\/edicao-2026\/wp-content\/uploads\/2026\/02\/image11.jpg 800w, https:\/\/cardmonitor.com.br\/relatorio-anual\/edicao-2026\/wp-content\/uploads\/2026\/02\/image11-300x238.jpg 300w, https:\/\/cardmonitor.com.br\/relatorio-anual\/edicao-2026\/wp-content\/uploads\/2026\/02\/image11-768x609.jpg 768w\" sizes=\"auto, (max-width: 800px) 100vw, 800px\" \/><\/p>\n<p>&nbsp;<\/p>\n<h2>10 &#8211; F\u00f3rum CardMonitor de Intelig\u00eancia de Mercado<\/h2>\n<p>Evento tradicional do setor de Meios Eletr\u00f4nicos de Pagamento que est\u00e1 em sua 14\u00aa edi\u00e7\u00e3o. \u00c9 compacto, realizado no modelo de uma tarde\/noite e bastante intimista, permitindo intera\u00e7\u00e3o entre painelistas e p\u00fablico. Marca o lan\u00e7amento do Relat\u00f3rio Anual de Meios Eletr\u00f4nicos de Pagamento \u2013 Perspectivas e Tend\u00eancias para o ano que se inicia. Todos os anos conta com a presen\u00e7a de respeitados executivos(as) do setor, nos pain\u00e9is de debate ou mesmo na plateia. <strong>B\u00f4nus de R$ 500,00 para renova\u00e7\u00e3o da sua inscri\u00e7\u00e3o na edi\u00e7\u00e3o 2027 (necess\u00e1rio ser o mesmo CPF inscrito em 2026).<\/strong><\/p>\n<p><img loading=\"lazy\" decoding=\"async\" class=\"aligncenter size-full wp-image-171\" src=\"https:\/\/cardmonitor.com.br\/relatorio-anual\/edicao-2026\/wp-content\/uploads\/2026\/02\/image12.jpg\" alt=\"\" width=\"700\" height=\"878\" srcset=\"https:\/\/cardmonitor.com.br\/relatorio-anual\/edicao-2026\/wp-content\/uploads\/2026\/02\/image12.jpg 700w, https:\/\/cardmonitor.com.br\/relatorio-anual\/edicao-2026\/wp-content\/uploads\/2026\/02\/image12-239x300.jpg 239w\" sizes=\"auto, (max-width: 700px) 100vw, 700px\" \/><\/p>\n<p>&nbsp;<\/p>\n<h2>11 &#8211; EAD CardMonitor<\/h2>\n<p>Desenvolvemos um treinamento de 20 videoaulas para apresentar um completo overview do mercado de Meios Eletr\u00f4nicos de Pagamento. Aborda desde a hist\u00f3ria da chegada dos cart\u00f5es de cr\u00e9dito no Brasil, os principais agentes envolvidos (papel do emissor, das bandeiras, das credenciadoras, das processadoras), os principais processos, a gest\u00e3o do ciclo de vida, ativa\u00e7\u00e3o e reten\u00e7\u00e3o de clientes at\u00e9 a rentabilidade do business sob a \u00f3tica do emissor. <strong>B\u00f4nus para novas ades\u00f5es: R$ 2.000,00 na aquisi\u00e7\u00e3o de um pacote de 30 licen\u00e7as.<\/strong><\/p>\n<p><img loading=\"lazy\" decoding=\"async\" class=\"aligncenter size-full wp-image-172\" src=\"https:\/\/cardmonitor.com.br\/relatorio-anual\/edicao-2026\/wp-content\/uploads\/2026\/02\/image13.jpg\" alt=\"\" width=\"800\" height=\"697\" srcset=\"https:\/\/cardmonitor.com.br\/relatorio-anual\/edicao-2026\/wp-content\/uploads\/2026\/02\/image13.jpg 800w, https:\/\/cardmonitor.com.br\/relatorio-anual\/edicao-2026\/wp-content\/uploads\/2026\/02\/image13-300x261.jpg 300w, https:\/\/cardmonitor.com.br\/relatorio-anual\/edicao-2026\/wp-content\/uploads\/2026\/02\/image13-768x669.jpg 768w\" sizes=\"auto, (max-width: 800px) 100vw, 800px\" \/><\/p>\n<p>&nbsp;<\/p>\n<h2>PRONTA-ENTREGA<\/h2>\n<p><strong>Tudo na CardMonitor \u00e9 pronta-entrega!<\/strong><\/p>\n<p>Se voc\u00ea se interessou por algum dos nossos produtos e servi\u00e7os listados nas p\u00e1ginas anteriores, voc\u00ea pode come\u00e7ar a receber as informa\u00e7\u00f5es e an\u00e1lises em aproximadamente 24 horas.<\/p>\n<p>A CardMonitor atende a tr\u00eas necessidades dos profissionais que atuam ou se relacionam com o mercado de Meios Eletr\u00f4nicos de Pagamento:<\/p>\n<ol>\n<li><strong>Conhecimento<\/strong>: A CardMonitor \u00e9 uma importante geradora de informa\u00e7\u00f5es e an\u00e1lises 100% pr\u00e1ticas e objetivas que ajudam os profissionais a tomarem melhores decis\u00f5es. Mais de 110 empresas do setor assinam nossas publica\u00e7\u00f5es.<\/li>\n<li><strong>Publicidade B2B<\/strong>: A CardMonitor \u00e9 um importante ve\u00edculo que pode ser explorado do ponto de vista publicit\u00e1rio. As publica\u00e7\u00f5es da CardMonitor, a exemplo deste Relat\u00f3rio, s\u00e3o lidas por mais de 4.000 profissionais do setor, inclusive os do mais alto escal\u00e3o.<\/li>\n<li><strong>Relacionamento B2B<\/strong>: O F\u00f3rum CardMonitor de Intelig\u00eancia de Mercado se consagrou como um importante ponto de encontro de respeitados executivos do setor para debater as tend\u00eancias para o ano que se inicia.<\/li>\n<\/ol>\n<p>Por fim, agrade\u00e7o a voc\u00ea, nosso cliente fiel e leitor de nossas publica\u00e7\u00f5es e estudos. Agrade\u00e7o \u00e0s empresas anunciantes que viram neste Relat\u00f3rio uma oportunidade \u00fanica de exposi\u00e7\u00e3o de marca. Agrade\u00e7o a toda minha equipe que trabalha incessantemente durante todo o ano para lhe abastecer com informa\u00e7\u00f5es e an\u00e1lises relevantes.<br \/>\nLeia e guarde esse Relat\u00f3rio com muito carinho. Ele cont\u00e9m preciosos depoimentos de profissionais muito respeitados que se dispuseram a compartilhar com todo o mercado as suas vis\u00f5es. Muito obrigado a todos que participaram deste projeto.<\/p>\n<p><strong>Desejo a todos um excelente ano de 2026!<\/strong><\/p>\n","protected":false},"excerpt":{"rendered":"<p>Entrego a voc\u00ea mais uma edi\u00e7\u00e3o de nosso Relat\u00f3rio Anual de Meios Eletr\u00f4nicos de Pagamento, que contou com mais de 50 depoimentos in\u00e9ditos de executivos e executivas que atuam ou se relacionam com o setor. Esta \u00e9 a \u00fanica publica\u00e7\u00e3o do mercado que oferece essa pluralidade de vis\u00f5es, expostas na \u00edntegra, permitindo aos respondentes compartilhar [&hellip;]<\/p>\n","protected":false},"author":1,"featured_media":0,"parent":0,"menu_order":10,"comment_status":"closed","ping_status":"closed","template":"..\/templates\/page-cmrb-open.php","meta":{"footnotes":""},"class_list":["post-9","page","type-page","status-publish","hentry"],"_links":{"self":[{"href":"https:\/\/cardmonitor.com.br\/relatorio-anual\/edicao-2026\/wp-json\/wp\/v2\/pages\/9","targetHints":{"allow":["GET"]}}],"collection":[{"href":"https:\/\/cardmonitor.com.br\/relatorio-anual\/edicao-2026\/wp-json\/wp\/v2\/pages"}],"about":[{"href":"https:\/\/cardmonitor.com.br\/relatorio-anual\/edicao-2026\/wp-json\/wp\/v2\/types\/page"}],"author":[{"embeddable":true,"href":"https:\/\/cardmonitor.com.br\/relatorio-anual\/edicao-2026\/wp-json\/wp\/v2\/users\/1"}],"replies":[{"embeddable":true,"href":"https:\/\/cardmonitor.com.br\/relatorio-anual\/edicao-2026\/wp-json\/wp\/v2\/comments?post=9"}],"version-history":[{"count":1,"href":"https:\/\/cardmonitor.com.br\/relatorio-anual\/edicao-2026\/wp-json\/wp\/v2\/pages\/9\/revisions"}],"predecessor-version":[{"id":553,"href":"https:\/\/cardmonitor.com.br\/relatorio-anual\/edicao-2026\/wp-json\/wp\/v2\/pages\/9\/revisions\/553"}],"wp:attachment":[{"href":"https:\/\/cardmonitor.com.br\/relatorio-anual\/edicao-2026\/wp-json\/wp\/v2\/media?parent=9"}],"curies":[{"name":"wp","href":"https:\/\/api.w.org\/{rel}","templated":true}]}}