{"id":134,"date":"2026-02-11T16:44:16","date_gmt":"2026-02-11T19:44:16","guid":{"rendered":"https:\/\/cardmonitor.com.br\/relatorio-anual\/edicao-2026\/?page_id=134"},"modified":"2026-02-11T16:44:16","modified_gmt":"2026-02-11T19:44:16","slug":"fernando-schuler","status":"publish","type":"page","link":"https:\/\/cardmonitor.com.br\/relatorio-anual\/edicao-2026\/fernando-schuler\/","title":{"rendered":"Fernando Sch\u00fcler"},"content":{"rendered":"<p>Professor do Insper-SP.<br \/>\nDoutor em Filosofia e Mestre em Ci\u00eancias Pol\u00edticas.<br \/>\nP\u00f3s-Doutorado pela Universidade de Columbia, Nova Iorque<br \/>\nFoi Secret\u00e1rio de Estado da Justi\u00e7a e do Desenvolvimento Social (RS)<br \/>\nDiretor da Funda\u00e7\u00e3o Iber\u00ea Camargo.<br \/>\nCriador e curador do Projeto Fronteiras do Pensamento.<br \/>\nColunista do Estad\u00e3o e do Grupo Bandeirantes de comunica\u00e7\u00e3o.<\/p>\n<h2>\nN\u00e3o h\u00e1 \u201cintoc\u00e1veis\u201d em uma democracia<\/h2>\n<p>A pergunta que surge a partir das revela\u00e7\u00f5es da jornalista Malu Gaspar em reportagem investigativa sobre as tentativas de influ\u00eancia de um ministro do Supremo Tribunal Federal junto ao Banco Central, em favor do Banco Master, \u00e9 muito simples: <strong>pode alguma institui\u00e7\u00e3o da rep\u00fablica, por mais poderosa que seja \u2013 no caso, o Supremo Tribunal Federal \u2013 estar simplesmente fora do sistema de freios e contrapesos da pr\u00f3pria estrutura republicana?<\/strong><\/p>\n<p>Primeiro <strong>n\u00f3s tivemos durante anos e anos, uma s\u00e9rie de iniciativas, de decis\u00f5es, de medidas do Supremo Tribunal Federal \u00e0 revelia da Constitui\u00e7\u00e3o<\/strong>: a ruptura com o princ\u00edpio do juiz natural, a ruptura com o princ\u00edpio da inst\u00e2ncia devida, a aplica\u00e7\u00e3o da censura pr\u00e9via em larga escala, a cria\u00e7\u00e3o daqueles inqu\u00e9ritos sobre fake news e depois os demais inqu\u00e9ritos a partir de uma interpreta\u00e7\u00e3o completamente descabida do artigo 43 do regimento interno do Supremo.<\/p>\n<p>A sociedade, ou pelo menos uma parte da sociedade, deixou passar. Afinal, aquilo fazia parte da disputa pol\u00edtica, enfim, dentro da polariza\u00e7\u00e3o brasileira, o que explica quase tudo. E ficou por isso mesmo.<\/p>\n<p><strong>Depois vieram as den\u00fancias do Eduardo Tagliaferro<\/strong>, den\u00fancias muito graves e aqui eu fa\u00e7o quest\u00e3o de dizer, den\u00fancias que n\u00e3o s\u00f3 n\u00e3o foram investigadas, como o pr\u00f3prio denunciante acabou, ele mesmo sendo punido, sendo convertido em r\u00e9u, tendo suas contas bloqueadas, tendo seu sal\u00e1rio bloqueado, sendo censurado, proscrito, com passaporte retido. Enfim, acabou foragido na Europa.<\/p>\n<p><strong>Agora n\u00f3s temos uma den\u00fancia no campo \u00e9tico<\/strong>, j\u00e1 n\u00e3o \u00e9 nem no campo pol\u00edtico propriamente. Den\u00fancia no campo \u00e9tico, de advocacia administrativa. E repito, s\u00e3o den\u00fancias neste momento. Se essas den\u00fancias n\u00e3o forem investigadas devidamente por um \u00f3rg\u00e3o independente, externo e imparcial, n\u00f3s vamos consagrar no Brasil a ideia de um poder que funciona a revelia do sistema de freios e contrapesos.<\/p>\n<p>Se a sociedade, mais uma vez, se contentar com uma nota explicativa, com uma esp\u00e9cie de autorregula\u00e7\u00e3o, uma esp\u00e9cie de exerc\u00edcio de ret\u00f3rica, sempre em nome de algum interesse pol\u00edtico, ou de algum tipo de simpatia, ou eventualmente do medo, ou enfim daquilo que \u00e9 feita um pouco a nossa Rep\u00fablica nos \u00faltimos anos, n\u00f3s estaremos consagrando uma forma de poder que no Brasil funciona a revelia do sistema de freios e contrapesos. Isso \u00e9, no fundo, uma escolha da democracia brasileira, eu diria, uma escolha existencial da nossa democracia.<\/p>\n","protected":false},"excerpt":{"rendered":"<p>Professor do Insper-SP. Doutor em Filosofia e Mestre em Ci\u00eancias Pol\u00edticas. P\u00f3s-Doutorado pela Universidade de Columbia, Nova Iorque Foi Secret\u00e1rio de Estado da Justi\u00e7a e do Desenvolvimento Social (RS) Diretor da Funda\u00e7\u00e3o Iber\u00ea Camargo. Criador e curador do Projeto Fronteiras do Pensamento. Colunista do Estad\u00e3o e do Grupo Bandeirantes de comunica\u00e7\u00e3o. N\u00e3o h\u00e1 \u201cintoc\u00e1veis\u201d em [&hellip;]<\/p>\n","protected":false},"author":1,"featured_media":0,"parent":0,"menu_order":20,"comment_status":"closed","ping_status":"closed","template":"","meta":{"footnotes":""},"class_list":["post-134","page","type-page","status-publish","hentry"],"_links":{"self":[{"href":"https:\/\/cardmonitor.com.br\/relatorio-anual\/edicao-2026\/wp-json\/wp\/v2\/pages\/134","targetHints":{"allow":["GET"]}}],"collection":[{"href":"https:\/\/cardmonitor.com.br\/relatorio-anual\/edicao-2026\/wp-json\/wp\/v2\/pages"}],"about":[{"href":"https:\/\/cardmonitor.com.br\/relatorio-anual\/edicao-2026\/wp-json\/wp\/v2\/types\/page"}],"author":[{"embeddable":true,"href":"https:\/\/cardmonitor.com.br\/relatorio-anual\/edicao-2026\/wp-json\/wp\/v2\/users\/1"}],"replies":[{"embeddable":true,"href":"https:\/\/cardmonitor.com.br\/relatorio-anual\/edicao-2026\/wp-json\/wp\/v2\/comments?post=134"}],"version-history":[{"count":0,"href":"https:\/\/cardmonitor.com.br\/relatorio-anual\/edicao-2026\/wp-json\/wp\/v2\/pages\/134\/revisions"}],"wp:attachment":[{"href":"https:\/\/cardmonitor.com.br\/relatorio-anual\/edicao-2026\/wp-json\/wp\/v2\/media?parent=134"}],"curies":[{"name":"wp","href":"https:\/\/api.w.org\/{rel}","templated":true}]}}