{"id":6,"date":"2026-01-12T14:35:57","date_gmt":"2026-01-12T17:35:57","guid":{"rendered":"https:\/\/cardmonitor.com.br\/forum\/site\/?page_id=6"},"modified":"2026-01-12T17:01:58","modified_gmt":"2026-01-12T20:01:58","slug":"crie-seu-site-com-blocos","status":"publish","type":"page","link":"https:\/\/cardmonitor.com.br\/forum\/site\/","title":{"rendered":"In\u00edcio"},"content":{"rendered":"<div style=\"display: none;\" class=\"crellyslider-slider crellyslider-slider-full-width crellyslider-slider-inicial crellyslider-1\" id=\"crellyslider-1\">\n<ul>\n<li\nstyle=\"\nbackground-color: transparent;\nbackground-image: url('https:\/\/cardmonitor.com.br\/forum\/site\/wp-content\/uploads\/2026\/01\/Forumpalco25.jpg');\nbackground-position: center top;\nbackground-repeat: no-repeat;\nbackground-size: cover;\n\n\"\ndata-in=\"fade\"\ndata-ease-in=\"600\"\ndata-out=\"fade\"\ndata-ease-out=\"600\"\ndata-time=\"4000\"\n>\n<div\nclass=\"\"\nstyle=\"z-index: 1;\npadding:12px 0 12px 0;\nbackground:rgba(210,210,120,0.94);\nwidth:100% !important;\n\n\"\ndata-delay=\"120\"\ndata-ease-in=\"0\"\ndata-ease-out=\"0\"\ndata-in=\"fadeUp\"\ndata-out=\"fadeDown\"\ndata-ignore-ease-out=\"1\"\ndata-top=\"343\"\ndata-left=\"0\"\ndata-time=\"all\"\n><span style=\"font-size: 23px;\">\u00a0\u00a0Encontro intimista frequentado pelos executivos do alto escal\u00e3o do setor de MEP<br \/><\/span><\/div>\n<\/li>\n<li\nstyle=\"\nbackground-color: transparent;\nbackground-image: url('https:\/\/cardmonitor.com.br\/forum\/site\/wp-content\/uploads\/2026\/01\/foruns-014.jpg');\nbackground-position: center top;\nbackground-repeat: no-repeat;\nbackground-size: cover;\n\n\"\ndata-in=\"fadeRight\"\ndata-ease-in=\"600\"\ndata-out=\"fadeLeft\"\ndata-ease-out=\"600\"\ndata-time=\"4000\"\n>\n<div\nclass=\"\"\nstyle=\"z-index: 1;\npadding:12px;\nbackground:rgba(180,180,120,0.0);\nwidth:100% !important;\n\n\n\"\ndata-delay=\"120\"\ndata-ease-in=\"0\"\ndata-ease-out=\"0\"\ndata-in=\"fadeLeft\"\ndata-out=\"fadeRight\"\ndata-ignore-ease-out=\"1\"\ndata-top=\"318\"\ndata-left=\"46\"\ndata-time=\"all\"\n><div style=\"text-align: left; line-height: inherit;\"><span style=\"font-size: 23px; background-color: #33cccc;\">Lan\u00e7amento da Edi\u00e7\u00e3o 2026 do Relat\u00f3rio Anual de MEP<\/span><\/div><\/div>\n<img\nclass=\"\"\nsrc=\"https:\/\/cardmonitor.com.br\/forum\/site\/wp-content\/uploads\/2026\/01\/Forum23-relatorios.png\"\nalt=\"\"\nstyle=\"\nz-index: 1;\nmax-height:400px;\nright:30px;\n\"\ndata-delay=\"0\"\ndata-ease-in=\"300\"\ndata-ease-out=\"1300\"\ndata-in=\"fade\"\ndata-out=\"fade\"\ndata-ignore-ease-out=\"0\"\ndata-top=\"0\"\ndata-left=\"765\"\ndata-time=\"all\"\n\/>\n<div\nclass=\"\"\nstyle=\"z-index: 1;\n\n\"\ndata-delay=\"0\"\ndata-ease-in=\"300\"\ndata-ease-out=\"300\"\ndata-in=\"fade\"\ndata-out=\"fade\"\ndata-ignore-ease-out=\"0\"\ndata-top=\"379\"\ndata-left=\"210\"\ndata-time=\"all\"\n><span style=\"background-color: #993366; color: #ffff00; font-size: 20px;\">Todos os executivos participantes ser\u00e3o convidados para o lan\u00e7amento.<\/span><\/div>\n<\/li>\n<li\nstyle=\"\nbackground-color: transparent;\nbackground-image: none;\nbackground-position: center center;\nbackground-repeat: no-repeat;\nbackground-size: cover;\n\n\"\ndata-in=\"fade\"\ndata-ease-in=\"300\"\ndata-out=\"fade\"\ndata-ease-out=\"300\"\ndata-time=\"3000\"\n>\n<img\nclass=\"\"\nsrc=\"https:\/\/cardmonitor.com.br\/forum\/site\/wp-content\/uploads\/2026\/01\/forumcm-cm.png\"\nalt=\"\"\nstyle=\"\nz-index: 1;\n\n\"\ndata-delay=\"0\"\ndata-ease-in=\"300\"\ndata-ease-out=\"300\"\ndata-in=\"fade\"\ndata-out=\"fade\"\ndata-ignore-ease-out=\"0\"\ndata-top=\"64\"\ndata-left=\"717\"\ndata-time=\"all\"\n\/>\n<div\nclass=\"\"\nstyle=\"z-index: 1;\n\n\"\ndata-delay=\"0\"\ndata-ease-in=\"300\"\ndata-ease-out=\"300\"\ndata-in=\"slideLeft\"\ndata-out=\"fade\"\ndata-ignore-ease-out=\"0\"\ndata-top=\"178\"\ndata-left=\"101\"\ndata-time=\"all\"\n><div style=\"text-align: left; line-height: inherit;\"><span style=\"font-size: 20px; color: #0000ff;\">Pain\u00e9is de discuss\u00f5es de temas relevantes <\/span><\/div>\n<div style=\"text-align: left; line-height: inherit;\"><span style=\"font-size: 20px; color: #0000ff;\">compostos por forte conte\u00fado<\/span><\/div><\/div>\n<div\nclass=\"\"\nstyle=\"z-index: 1;\n\n\"\ndata-delay=\"500\"\ndata-ease-in=\"900\"\ndata-ease-out=\"300\"\ndata-in=\"fade\"\ndata-out=\"fade\"\ndata-ignore-ease-out=\"0\"\ndata-top=\"291\"\ndata-left=\"458\"\ndata-time=\"all\"\n><div style=\"text-align: center; line-height: inherit;\"><span style=\"color: #000000; font-size: 20px;\"><strong>97% de plena satisfa\u00e7\u00e3o<\/strong><\/span><\/div><\/div>\n<\/li>\n<\/ul>\n<\/div>\n<script type=\"text\/javascript\">\n(function($) {\n$(document).ready(function() {\n$(\"#crellyslider-1\").crellySlider({\nlayout: 'full-width',\nresponsive: 1,\nstartWidth: 1140,\nstartHeight: 600,\nautomaticSlide: 1,\nshowControls: 0,\nshowNavigation: 1,\nenableSwipe: 0,\nshowProgressBar: 0,\npauseOnHover: 1,\nrandomOrder: 0,\nstartFromSlide: 0,\nbeforeStart : function() {},\nbeforeSetResponsive : function() {},\nbeforeSlideStart : function() {},\nbeforePause\t: function() {},\nbeforeResume : function() {},\n});\n});\n})(jQuery);\n<\/script>\n\n","protected":false},"excerpt":{"rendered":"","protected":false},"author":1,"featured_media":0,"parent":0,"menu_order":0,"comment_status":"closed","ping_status":"closed","template":"","meta":{"footnotes":""},"class_list":["post-6","page","type-page","status-publish","hentry"],"_links":{"self":[{"href":"https:\/\/cardmonitor.com.br\/forum\/site\/wp-json\/wp\/v2\/pages\/6","targetHints":{"allow":["GET"]}}],"collection":[{"href":"https:\/\/cardmonitor.com.br\/forum\/site\/wp-json\/wp\/v2\/pages"}],"about":[{"href":"https:\/\/cardmonitor.com.br\/forum\/site\/wp-json\/wp\/v2\/types\/page"}],"author":[{"embeddable":true,"href":"https:\/\/cardmonitor.com.br\/forum\/site\/wp-json\/wp\/v2\/users\/1"}],"replies":[{"embeddable":true,"href":"https:\/\/cardmonitor.com.br\/forum\/site\/wp-json\/wp\/v2\/comments?post=6"}],"version-history":[{"count":0,"href":"https:\/\/cardmonitor.com.br\/forum\/site\/wp-json\/wp\/v2\/pages\/6\/revisions"}],"wp:attachment":[{"href":"https:\/\/cardmonitor.com.br\/forum\/site\/wp-json\/wp\/v2\/media?parent=6"}],"curies":[{"name":"wp","href":"https:\/\/api.w.org\/{rel}","templated":true}]}}