{"id":34,"date":"2026-01-12T15:37:15","date_gmt":"2026-01-12T18:37:15","guid":{"rendered":"https:\/\/cardmonitor.com.br\/forum\/site\/?page_id=34"},"modified":"2026-03-02T10:03:56","modified_gmt":"2026-03-02T13:03:56","slug":"programacao","status":"publish","type":"page","link":"https:\/\/cardmonitor.com.br\/forum\/site\/programacao\/","title":{"rendered":"Programa\u00e7\u00e3o"},"content":{"rendered":"<h3><strong>Todos os Pain\u00e9is ser\u00e3o mediados pela jornalista Christiane Pelajo<\/strong>.<\/h3>\n<p><img loading=\"lazy\" decoding=\"async\" class=\"alignright size-medium wp-image-78\" src=\"https:\/\/cardmonitor.com.br\/forum\/site\/wp-content\/uploads\/2026\/01\/Christiane-Pelajo-253x300.png\" alt=\"\" width=\"253\" height=\"300\" srcset=\"https:\/\/cardmonitor.com.br\/forum\/site\/wp-content\/uploads\/2026\/01\/Christiane-Pelajo-253x300.png 253w, https:\/\/cardmonitor.com.br\/forum\/site\/wp-content\/uploads\/2026\/01\/Christiane-Pelajo-863x1024.png 863w, https:\/\/cardmonitor.com.br\/forum\/site\/wp-content\/uploads\/2026\/01\/Christiane-Pelajo-768x911.png 768w, https:\/\/cardmonitor.com.br\/forum\/site\/wp-content\/uploads\/2026\/01\/Christiane-Pelajo.png 874w\" sizes=\"auto, (max-width: 253px) 100vw, 253px\" \/><\/p>\n","protected":false},"excerpt":{"rendered":"<p>Todos os Pain\u00e9is ser\u00e3o mediados pela jornalista Christiane Pelajo.<\/p>\n","protected":false},"author":1,"featured_media":0,"parent":0,"menu_order":20,"comment_status":"closed","ping_status":"closed","template":"templates\/tpl-programacao.php","meta":{"footnotes":""},"class_list":["post-34","page","type-page","status-publish","hentry"],"_links":{"self":[{"href":"https:\/\/cardmonitor.com.br\/forum\/site\/wp-json\/wp\/v2\/pages\/34","targetHints":{"allow":["GET"]}}],"collection":[{"href":"https:\/\/cardmonitor.com.br\/forum\/site\/wp-json\/wp\/v2\/pages"}],"about":[{"href":"https:\/\/cardmonitor.com.br\/forum\/site\/wp-json\/wp\/v2\/types\/page"}],"author":[{"embeddable":true,"href":"https:\/\/cardmonitor.com.br\/forum\/site\/wp-json\/wp\/v2\/users\/1"}],"replies":[{"embeddable":true,"href":"https:\/\/cardmonitor.com.br\/forum\/site\/wp-json\/wp\/v2\/comments?post=34"}],"version-history":[{"count":1,"href":"https:\/\/cardmonitor.com.br\/forum\/site\/wp-json\/wp\/v2\/pages\/34\/revisions"}],"predecessor-version":[{"id":165,"href":"https:\/\/cardmonitor.com.br\/forum\/site\/wp-json\/wp\/v2\/pages\/34\/revisions\/165"}],"wp:attachment":[{"href":"https:\/\/cardmonitor.com.br\/forum\/site\/wp-json\/wp\/v2\/media?parent=34"}],"curies":[{"name":"wp","href":"https:\/\/api.w.org\/{rel}","templated":true}]}}