{"id":44958,"date":"2023-12-07T18:53:57","date_gmt":"2023-12-07T21:53:57","guid":{"rendered":"https:\/\/cardmonitor.com.br\/flash\/?page_id=44958"},"modified":"2023-12-07T19:09:36","modified_gmt":"2023-12-07T22:09:36","slug":"acesso-restrito","status":"publish","type":"page","link":"https:\/\/cardmonitor.com.br\/flash\/acesso-restrito","title":{"rendered":"Acesso Restrito"},"content":{"rendered":"<p>&nbsp;<\/p>\n<p>Conte\u00fado dispon\u00edvel somente para assinantes CardMonitor Flash.<\/p>\n<p>Para acessar clique em <strong>Login na barra superior<\/strong>.<\/p>\n<p>Se voc\u00ea ainda n\u00e3o \u00e9 assinante, entre em contato: (11) 2738-0214 ou <a href=\"mailto:cardmonitor@cardmonitor.com.br\">cardmonitor@cardmonitor.com.br<\/a><\/p>\n","protected":false},"excerpt":{"rendered":"<p>&nbsp; Conte\u00fado dispon\u00edvel somente para assinantes CardMonitor Flash. Para acessar clique em Login na barra superior. Se voc\u00ea ainda n\u00e3o<\/p>\n","protected":false},"author":1433,"featured_media":0,"parent":0,"menu_order":0,"comment_status":"closed","ping_status":"closed","template":"","meta":{"footnotes":""},"class_list":["post-44958","page","type-page","status-publish","hentry"],"_links":{"self":[{"href":"https:\/\/cardmonitor.com.br\/flash\/wp-json\/wp\/v2\/pages\/44958","targetHints":{"allow":["GET"]}}],"collection":[{"href":"https:\/\/cardmonitor.com.br\/flash\/wp-json\/wp\/v2\/pages"}],"about":[{"href":"https:\/\/cardmonitor.com.br\/flash\/wp-json\/wp\/v2\/types\/page"}],"author":[{"embeddable":true,"href":"https:\/\/cardmonitor.com.br\/flash\/wp-json\/wp\/v2\/users\/1433"}],"replies":[{"embeddable":true,"href":"https:\/\/cardmonitor.com.br\/flash\/wp-json\/wp\/v2\/comments?post=44958"}],"version-history":[{"count":0,"href":"https:\/\/cardmonitor.com.br\/flash\/wp-json\/wp\/v2\/pages\/44958\/revisions"}],"wp:attachment":[{"href":"https:\/\/cardmonitor.com.br\/flash\/wp-json\/wp\/v2\/media?parent=44958"}],"curies":[{"name":"wp","href":"https:\/\/api.w.org\/{rel}","templated":true}]}}